{"id":380,"date":"2024-04-09T19:10:41","date_gmt":"2024-04-09T18:10:41","guid":{"rendered":"https:\/\/dise.eus\/aviso-legal\/"},"modified":"2024-04-10T00:11:06","modified_gmt":"2024-04-09T23:11:06","slug":"aviso-legal","status":"publish","type":"page","link":"https:\/\/dise.eus\/es\/aviso-legal\/","title":{"rendered":"Aviso Legal"},"content":{"rendered":"<p>[et_pb_section fb_built=\u00bb1&#8243; _builder_version=\u00bb4.16&#8243; background_image=\u00bbhttps:\/\/dise.eus\/bitartekoak\/osagarriak\/mediak\/2024\/04\/kerizpea_xl-1.jpg\u00bb background_size=\u00bbcontain\u00bb background_position=\u00bbtop_left\u00bb custom_padding=\u00bb60px||100px||false|false\u00bb global_colors_info=\u00bb{}\u00bb][et_pb_row column_structure=\u00bb1_3,2_3&#8243; _builder_version=\u00bb4.24.3&#8243; width=\u00bb100%\u00bb max_width=\u00bb1700px\u00bb custom_margin=\u00bb|0px||0px|false|false\u00bb custom_padding=\u00bb|8.33%||8.33%|false|false\u00bb global_colors_info=\u00bb{}\u00bb][et_pb_column type=\u00bb1_3&#8243; disabled_on=\u00bbon|on|off\u00bb _builder_version=\u00bb4.16&#8243; global_colors_info=\u00bb{}\u00bb][et_pb_button button_url=\u00bb#_0&#8243; button_text=\u00bbInformaci\u00f3n legal\u00bb _builder_version=\u00bb4.24.3&#8243; custom_button=\u00bbon\u00bb button_text_size=\u00bb14px\u00bb custom_margin=\u00bb||20px||false|false\u00bb global_colors_info=\u00bb{}\u00bb button_border_width=\u00bb1px\u00bb button_border_width__hover=\u00bb1px\u00bb button_border_width__hover_enabled=\u00bbon|hover\u00bb button_border_width_last_edited=\u00bbon|desktop\u00bb button_border_color=\u00bb#000000&#8243; button_bg_color__hover=\u00bb#FFFFFF\u00bb button_bg_color__hover_enabled=\u00bbon|hover\u00bb button_border_width_tablet=\u00bb1px\u00bb button_border_width_phone=\u00bb1px\u00bb][\/et_pb_button][et_pb_button button_url=\u00bb#_1&#8243; button_text=\u00bb1. Condiciones Generales\u00bb _builder_version=\u00bb4.24.3&#8243; custom_button=\u00bbon\u00bb button_text_size=\u00bb14px\u00bb custom_margin=\u00bb||20px||false|false\u00bb global_colors_info=\u00bb{}\u00bb button_border_width=\u00bb1px\u00bb button_border_width__hover=\u00bb1px\u00bb button_border_width__hover_enabled=\u00bbon|hover\u00bb button_border_width_last_edited=\u00bbon|desktop\u00bb button_border_color=\u00bb#000000&#8243; button_bg_color__hover=\u00bb#FFFFFF\u00bb button_bg_color__hover_enabled=\u00bbon|hover\u00bb button_border_width_tablet=\u00bb1px\u00bb button_border_width_phone=\u00bb1px\u00bb][\/et_pb_button][et_pb_button button_url=\u00bb#_2&#8243; button_text=\u00bb2. Derechos de Propiedad\u00bb _builder_version=\u00bb4.24.3&#8243; custom_button=\u00bbon\u00bb button_text_size=\u00bb14px\u00bb custom_margin=\u00bb||20px||false|false\u00bb global_colors_info=\u00bb{}\u00bb button_border_width=\u00bb1px\u00bb button_border_width__hover=\u00bb1px\u00bb button_border_width__hover_enabled=\u00bbon|hover\u00bb button_border_width_last_edited=\u00bbon|desktop\u00bb button_border_color=\u00bb#000000&#8243; button_bg_color__hover=\u00bb#FFFFFF\u00bb button_bg_color__hover_enabled=\u00bbon|hover\u00bb button_border_width_tablet=\u00bb1px\u00bb button_border_width_phone=\u00bb1px\u00bb][\/et_pb_button][et_pb_button button_url=\u00bb#_3&#8243; button_text=\u00bb3. Modificaciones\u00bb _builder_version=\u00bb4.24.3&#8243; custom_button=\u00bbon\u00bb button_text_size=\u00bb14px\u00bb custom_margin=\u00bb||20px||false|false\u00bb global_colors_info=\u00bb{}\u00bb button_border_width=\u00bb1px\u00bb button_border_width__hover=\u00bb1px\u00bb button_border_width__hover_enabled=\u00bbon|hover\u00bb button_border_width_last_edited=\u00bbon|desktop\u00bb button_border_color=\u00bb#000000&#8243; button_bg_color__hover=\u00bb#FFFFFF\u00bb button_bg_color__hover_enabled=\u00bbon|hover\u00bb button_border_width_tablet=\u00bb1px\u00bb button_border_width_phone=\u00bb1px\u00bb][\/et_pb_button][et_pb_button button_url=\u00bb#_4&#8243; button_text=\u00bb4. Jurisdicci\u00f3n\u00bb _builder_version=\u00bb4.24.3&#8243; custom_button=\u00bbon\u00bb button_text_size=\u00bb14px\u00bb custom_margin=\u00bb||20px||false|false\u00bb global_colors_info=\u00bb{}\u00bb button_border_width=\u00bb1px\u00bb button_border_width__hover=\u00bb1px\u00bb button_border_width__hover_enabled=\u00bbon|hover\u00bb button_border_width_last_edited=\u00bbon|desktop\u00bb button_border_color=\u00bb#000000&#8243; button_bg_color__hover=\u00bb#FFFFFF\u00bb button_bg_color__hover_enabled=\u00bbon|hover\u00bb button_border_width_tablet=\u00bb1px\u00bb button_border_width_phone=\u00bb1px\u00bb][\/et_pb_button][\/et_pb_column][et_pb_column type=\u00bb2_3&#8243; _builder_version=\u00bb4.16&#8243; global_colors_info=\u00bb{}\u00bb][et_pb_text admin_label=\u00bbLege_informazioa\u00bb module_id=\u00bbLege_informazioa\u00bb _builder_version=\u00bb4.24.3&#8243; width_last_edited=\u00bboff|desktop\u00bb global_colors_info=\u00bb{}\u00bb]<\/p>\n<p><span id=\"_0\"><\/span><\/p>\n<h2>Informaci\u00f3n legal<\/h2>\n<p>En cumplimiento de la Ley 34\/2002, de 11 de julio, de Servicios de la Sociedad de la Informaci\u00f3n y de Comercio Electr\u00f3nico, le informamos que el dominio de internet dise.eus es titularidad de <em>Aritz Alberdi Uranga 30664006s<\/em>, con domicilio en, Komentukale, 19, behea, Durango (Bizkaia), correo electr\u00f3nico <a href=\"mailto:inf&#111;&#064;di&#115;&#101;.&#101;us\">i&#110;&#102;&#111;&#064;&#100;&#105;s&#101;&#046;eu&#115;<\/a>.<\/p>\n<p>Aritz Alberdi Uranga, (en adelante \u201c<em>Dise<\/em>\u201d o \u201cel Responsable del Tratamiento\u201d) es una sociedad cuyo objeto principal es ofrecer diferentes servicios en el marco de la comunicaci\u00f3n. El sitio web ubicado en dise.eus (en adelante \u201cel sitio web\u201d) es propiedad de <em>Dise<\/em>. La persona que visita y utiliza este sitio web es usuario del sitio web (en adelante \u201cel usuario\u201d).<br \/><span id=\"_1\"><\/span><\/p>\n<p>[\/et_pb_text][et_pb_text admin_label=\u00bbBaldintza_orokorrak\u00bb module_id=\u00bbBaldintza_orokorrak\u00bb _builder_version=\u00bb4.24.3&#8243; width_last_edited=\u00bboff|desktop\u00bb global_colors_info=\u00bb{}\u00bb]<\/p>\n<h2>1. Condiciones Generales<\/h2>\n<p>El usuario accede a este sitio web de forma voluntaria. El acceso a este sitio web tiene car\u00e1cter gratuito. La navegaci\u00f3n en este sitio web implica aceptar y conocer las advertencias legales, condiciones y t\u00e9rminos de uso y pol\u00edtica de privacidad y pol\u00edtica de cookies contenidos en \u00e9l. Si el usuario no est\u00e1 de acuerdo con estas condiciones y no presta su consentimiento, no podr\u00e1 hacer uso de este sitio web.<\/p>\n<p>El acceso a este sitio web, as\u00ed como el uso que pueda hacerse de la informaci\u00f3n que contiene, son de la exclusiva responsabilidad del usuario. El usuario se compromete a hacer uso del mismo de acuerdo a la finalidad del sitio web. El usuario no puede hacer un uso il\u00edcito de la informaci\u00f3n contenida en este sitio web, ni llevar a cabo acciones que puedan da\u00f1ar o alterar los sistemas inform\u00e1ticos de este sitio web.<\/p>\n<p>Queda prohibida la inclusi\u00f3n y comunicaci\u00f3n de contenidos, por parte de los usuarios, que sean falsos o inexactos y que induzcan o puedan inducir a error a <em>Dise<\/em> o a otros usuarios o terceros. El usuario es el \u00fanico responsable de la veracidad y correcci\u00f3n de los datos incluidos. Queda prohibido el uso de datos personales de terceros sin su consentimiento, as\u00ed como el uso de datos identificativos de terceros con el \u00e1nimo de hacerse pasar por o fingir ser cualquier otra persona o entidad.<\/p>\n<p><em>Dise<\/em> realiza los m\u00e1ximos esfuerzos para evitar errores en los contenidos que se publican en el sitio web, reserv\u00e1ndose la facultad de poder modificarlos en cualquier momento. <em>Dise<\/em> declina expresamente cualquier responsabilidad por error u omisi\u00f3n en los contenidos de este sitio web y de los da\u00f1os y perjuicios que puedan deberse a la falta de veracidad, exactitud y actualidad de los mismos.<\/p>\n<p>El sitio web <em>dise.eus<\/em> puede ofrecer enlaces a otros sitios web o facilitar su acceso mediante un buscador ubicado en su sitio web. <em>Dise<\/em> no asume ninguna responsabilidad en relaci\u00f3n con estos sitios enlazados, ni los resultados de las b\u00fasquedas, ya que no tiene ning\u00fan tipo de control sobre ellos, su contenido, productos y servicios ofrecidos, etc. La finalidad de estos servicios es informar al usuario de otras fuentes de informaci\u00f3n, por lo que el usuario accede bajo su exclusiva responsabilidad al contenido y en las condiciones de uso que rijan en los mismos.<\/p>\n<p><em>Dise<\/em> no se responsabilizar\u00e1 de ninguna consecuencia, da\u00f1o o perjuicio que pudieran derivarse del uso de este sitio web o de sus contenidos, incluidos da\u00f1os inform\u00e1ticos y la introducci\u00f3n de virus o cualquier tipo de software malicioso. <em>Dise<\/em>, El Responsable del Tratamiento no garantiza la ausencia de virus ni de otros elementos da\u00f1inos en el sitio web, introducidos por terceros ajenos, que puedan producir alteraciones en los sistemas f\u00edsicos o l\u00f3gicos de los usuarios, pero utiliza los medios a su alcance para que esto no suceda.<\/p>\n<p><em>Dise<\/em> se reserva el derecho de modificar o borrar en cualquier momento, sin previo aviso y\/o justificaci\u00f3n, el dise\u00f1o, la configuraci\u00f3n y la informaci\u00f3n contenida en este sitio web, si as\u00ed lo estima oportuno. <em>Dise<\/em> El Responsable del Tratamiento no se hace responsable de los perjuicios que estas modificaciones puedan causar. No obstante utilizar\u00e1 los recursos que tenga a su alcance para informar a los usuarios de dichas modificaciones.<br \/><span id=\"_2\"><\/span><\/p>\n<p>[\/et_pb_text][et_pb_text admin_label=\u00bbJabetza_intelektuala_eta_industriala\u00bb module_id=\u00bbJabetza_intelektuala_eta_industriala\u00bb _builder_version=\u00bb4.24.3&#8243; width_last_edited=\u00bboff|desktop\u00bb global_colors_info=\u00bb{}\u00bb]<\/p>\n<h2>2. Propiedad intelectual e industrial<\/h2>\n<p>Los derechos de propiedad de este sitio web, de sus p\u00e1ginas, secciones, pantallas, la informaci\u00f3n que contienen, su apariencia y dise\u00f1o, textos, fotograf\u00edas, im\u00e1genes, sus productos y servicios, marcas, logos, lemas, etc. son propiedad de <em>Dise<\/em>, salvo que se especifique otra cosa.<\/p>\n<p>En ning\u00fan caso el acceso o navegaci\u00f3n en el sitio web implica renuncia, transmisi\u00f3n o licencia total o parcial de <em>Dise<\/em> para uso personal al usuario sobre sus derechos de propiedad intelectual e industrial. La reproducci\u00f3n, distribuci\u00f3n, comercializaci\u00f3n o transformaci\u00f3n no autorizadas de estas obras constituye una infracci\u00f3n de los derechos de propiedad intelectual de <em>Dise<\/em>.<\/p>\n<p>El usuario se compromete a no realizar ninguna acci\u00f3n que perjudique la titularidad de este sitio web. La utilizaci\u00f3n no autorizada de la informaci\u00f3n contenida en este sitio web, as\u00ed como los perjuicios ocasionados en los derechos de propiedad intelectual e industrial de sus titulares, pueden dar lugar al ejercicio de las acciones que legalmente correspondan y, si procede, a las responsabilidades que de dicho ejercicio se deriven.<br \/><span id=\"_3\"><\/span><\/p>\n<p>[\/et_pb_text][et_pb_text admin_label=\u00bbAldaketak\u00bb module_id=\u00bbAldaketak\u00bb _builder_version=\u00bb4.24.3&#8243; width_last_edited=\u00bboff|desktop\u00bb global_colors_info=\u00bb{}\u00bb]<\/p>\n<h2>3. Modificaciones<\/h2>\n<p>Estas Condiciones podr\u00e1n sufrir modificaciones cuando <em>Dise<\/em> lo considere oportuno, bien con la finalidad de adecuarse a los cambios legislativos, bien con el fin de llevar a cabo otro tipo de mejoras. Estas modificaciones ser\u00e1n v\u00e1lidas desde su publicaci\u00f3n en este sitio web. <em>Dise<\/em> utilizar\u00e1 los medios a su alcance para dar a conocer a los usuarios del sitio web los cambios realizados.<br \/><span id=\"_4\"><\/span><\/p>\n<p>[\/et_pb_text][et_pb_text admin_label=\u00bbJurisdikzioa\u00bb module_id=\u00bbJurisdikzioa\u00bb _builder_version=\u00bb4.24.3&#8243; width_last_edited=\u00bboff|desktop\u00bb global_colors_info=\u00bb{}\u00bb]<\/p>\n<h2>4. Jurisdicci\u00f3n<\/h2>\n<p>Las relaciones establecidas entre <em>Dise<\/em> y el usuario se regir\u00e1n por lo dispuesto en la normativa vigente acerca de la legislaci\u00f3n aplicable y la jurisdicci\u00f3n competente. No obstante, para los casos en los que la normativa prevea la posibilidad a las partes de someterse a un fuero, <em>Dise<\/em> y el usuario, con renuncia expresa a cualquier otro fuero que pudiera corresponderles, se someten a los Juzgados y Tribunales de Bilbao (Bizkaia).<\/p>\n<p><em>Dise<\/em> perseguir\u00e1 el incumplimiento de esta pol\u00edtica de privacidad as\u00ed como cualquier utilizaci\u00f3n indebida de las funcionalidades y contenidos presentados en este sitio web, ejerciendo todas las acciones civiles y penales que le puedan corresponder en Derecho.<\/p>\n<p>[\/et_pb_text][\/et_pb_column][\/et_pb_row][\/et_pb_section]<\/p>\n","protected":false},"excerpt":{"rendered":"<p>Informaci\u00f3n legal En cumplimiento de la Ley 34\/2002, de 11 de julio, de Servicios de la Sociedad de la Informaci\u00f3n y de Comercio Electr\u00f3nico, le informamos que el dominio de internet dise.eus es titularidad de Aritz Alberdi Uranga 30664006s, con domicilio en, Komentukale, 19, behea, Durango (Bizkaia), correo electr\u00f3nico <a href=\"mailto:in&#102;o&#064;d&#105;&#115;&#101;.&#101;us\">&#105;&#110;&#102;o&#064;&#100;is&#101;&#046;eu&#115;<\/a>. Aritz Alberdi Uranga, (en adelante [&hellip;]<\/p>\n","protected":false},"author":1,"featured_media":0,"parent":0,"menu_order":0,"comment_status":"closed","ping_status":"closed","template":"","meta":{"_et_pb_use_builder":"on","_et_pb_old_content":"","_et_gb_content_width":"","footnotes":""},"class_list":["post-380","page","type-page","status-publish","hentry"],"yoast_head":"<!-- This site is optimized with the Yoast SEO plugin v22.5 - https:\/\/yoast.com\/wordpress\/plugins\/seo\/ -->\n<title>Aviso Legal - Dise \u00b7 Dise\u00f1o gr\u00e1fico y ilustraci\u00f3n<\/title>\n<meta name=\"robots\" content=\"noindex, nofollow\" \/>\n<meta property=\"og:locale\" content=\"es_ES\" \/>\n<meta property=\"og:type\" content=\"article\" \/>\n<meta property=\"og:title\" content=\"Aviso Legal - Dise \u00b7 Dise\u00f1o gr\u00e1fico y ilustraci\u00f3n\" \/>\n<meta property=\"og:description\" content=\"Informaci\u00f3n legal En cumplimiento de la Ley 34\/2002, de 11 de julio, de Servicios de la Sociedad de la Informaci\u00f3n y de Comercio Electr\u00f3nico, le informamos que el dominio de internet dise.eus es titularidad de Aritz Alberdi Uranga 30664006s, con domicilio en, Komentukale, 19, behea, Durango (Bizkaia), correo electr\u00f3nico . Aritz Alberdi Uranga, (en adelante [&hellip;]\" \/>\n<meta property=\"og:url\" content=\"https:\/\/dise.eus\/es\/aviso-legal\/\" \/>\n<meta property=\"og:site_name\" content=\"Dise \u00b7 Dise\u00f1o gr\u00e1fico y ilustraci\u00f3n\" \/>\n<meta property=\"article:modified_time\" content=\"2024-04-09T23:11:06+00:00\" \/>\n<meta property=\"og:image\" content=\"https:\/\/dise.eus\/bitartekoak\/osagarriak\/mediak\/2024\/04\/Dise-1.jpg\" \/>\n\t<meta property=\"og:image:width\" content=\"1200\" \/>\n\t<meta property=\"og:image:height\" content=\"675\" \/>\n\t<meta property=\"og:image:type\" content=\"image\/jpeg\" \/>\n<meta name=\"twitter:card\" content=\"summary_large_image\" \/>\n<meta name=\"twitter:label1\" content=\"Tiempo de lectura\" \/>\n\t<meta name=\"twitter:data1\" content=\"8 minutos\" \/>\n<script type=\"application\/ld+json\" class=\"yoast-schema-graph\">{\"@context\":\"https:\/\/schema.org\",\"@graph\":[{\"@type\":\"WebPage\",\"@id\":\"https:\/\/dise.eus\/es\/aviso-legal\/\",\"url\":\"https:\/\/dise.eus\/es\/aviso-legal\/\",\"name\":\"Aviso Legal - Dise \u00b7 Dise\u00f1o gr\u00e1fico y ilustraci\u00f3n\",\"isPartOf\":{\"@id\":\"https:\/\/dise.eus\/es\/#website\"},\"datePublished\":\"2024-04-09T18:10:41+00:00\",\"dateModified\":\"2024-04-09T23:11:06+00:00\",\"breadcrumb\":{\"@id\":\"https:\/\/dise.eus\/es\/aviso-legal\/#breadcrumb\"},\"inLanguage\":\"es\",\"potentialAction\":[{\"@type\":\"ReadAction\",\"target\":[\"https:\/\/dise.eus\/es\/aviso-legal\/\"]}]},{\"@type\":\"BreadcrumbList\",\"@id\":\"https:\/\/dise.eus\/es\/aviso-legal\/#breadcrumb\",\"itemListElement\":[{\"@type\":\"ListItem\",\"position\":1,\"name\":\"Home\",\"item\":\"https:\/\/dise.eus\/es\/\"},{\"@type\":\"ListItem\",\"position\":2,\"name\":\"Aviso Legal\"}]},{\"@type\":\"WebSite\",\"@id\":\"https:\/\/dise.eus\/es\/#website\",\"url\":\"https:\/\/dise.eus\/es\/\",\"name\":\"Dise \u00b7 Diseinua eta ilustrazioa\",\"description\":\"Estudio de dise\u00f1o e ilustraci\u00f3n de Durango. Im\u00e1genes de identidad, trabajos editoriales e ilustraci\u00f3n.\\n\",\"publisher\":{\"@id\":\"https:\/\/dise.eus\/es\/#organization\"},\"alternateName\":\"Dise\",\"potentialAction\":[{\"@type\":\"SearchAction\",\"target\":{\"@type\":\"EntryPoint\",\"urlTemplate\":\"https:\/\/dise.eus\/es\/?s={search_term_string}\"},\"query-input\":\"required name=search_term_string\"}],\"inLanguage\":\"es\"},{\"@type\":\"Organization\",\"@id\":\"https:\/\/dise.eus\/es\/#organization\",\"name\":\"Dise \u00b7 Dise\u00f1o gr\u00e1fico y ilustraci\u00f3n\",\"alternateName\":\"Dise\",\"url\":\"https:\/\/dise.eus\/es\/\",\"logo\":{\"@type\":\"ImageObject\",\"inLanguage\":\"es\",\"@id\":\"https:\/\/dise.eus\/es\/#\/schema\/logo\/image\/\",\"url\":\"https:\/\/dise.eus\/bitartekoak\/osagarriak\/mediak\/2024\/04\/Dise-icon-1.png\",\"contentUrl\":\"https:\/\/dise.eus\/bitartekoak\/osagarriak\/mediak\/2024\/04\/Dise-icon-1.png\",\"width\":512,\"height\":340,\"caption\":\"Dise \u00b7 Dise\u00f1o gr\u00e1fico y ilustraci\u00f3n\"},\"image\":{\"@id\":\"https:\/\/dise.eus\/es\/#\/schema\/logo\/image\/\"}}]}<\/script>\n<!-- \/ Yoast SEO plugin. -->","yoast_head_json":{"title":"Aviso Legal - Dise \u00b7 Dise\u00f1o gr\u00e1fico y ilustraci\u00f3n","robots":{"index":"noindex","follow":"nofollow"},"og_locale":"es_ES","og_type":"article","og_title":"Aviso Legal - Dise \u00b7 Dise\u00f1o gr\u00e1fico y ilustraci\u00f3n","og_description":"Informaci\u00f3n legal En cumplimiento de la Ley 34\/2002, de 11 de julio, de Servicios de la Sociedad de la Informaci\u00f3n y de Comercio Electr\u00f3nico, le informamos que el dominio de internet dise.eus es titularidad de Aritz Alberdi Uranga 30664006s, con domicilio en, Komentukale, 19, behea, Durango (Bizkaia), correo electr\u00f3nico . Aritz Alberdi Uranga, (en adelante [&hellip;]","og_url":"https:\/\/dise.eus\/es\/aviso-legal\/","og_site_name":"Dise \u00b7 Dise\u00f1o gr\u00e1fico y ilustraci\u00f3n","article_modified_time":"2024-04-09T23:11:06+00:00","og_image":[{"width":1200,"height":675,"url":"https:\/\/dise.eus\/bitartekoak\/osagarriak\/mediak\/2024\/04\/Dise-1.jpg","type":"image\/jpeg"}],"twitter_card":"summary_large_image","twitter_misc":{"Tiempo de lectura":"8 minutos"},"schema":{"@context":"https:\/\/schema.org","@graph":[{"@type":"WebPage","@id":"https:\/\/dise.eus\/es\/aviso-legal\/","url":"https:\/\/dise.eus\/es\/aviso-legal\/","name":"Aviso Legal - Dise \u00b7 Dise\u00f1o gr\u00e1fico y ilustraci\u00f3n","isPartOf":{"@id":"https:\/\/dise.eus\/es\/#website"},"datePublished":"2024-04-09T18:10:41+00:00","dateModified":"2024-04-09T23:11:06+00:00","breadcrumb":{"@id":"https:\/\/dise.eus\/es\/aviso-legal\/#breadcrumb"},"inLanguage":"es","potentialAction":[{"@type":"ReadAction","target":["https:\/\/dise.eus\/es\/aviso-legal\/"]}]},{"@type":"BreadcrumbList","@id":"https:\/\/dise.eus\/es\/aviso-legal\/#breadcrumb","itemListElement":[{"@type":"ListItem","position":1,"name":"Home","item":"https:\/\/dise.eus\/es\/"},{"@type":"ListItem","position":2,"name":"Aviso Legal"}]},{"@type":"WebSite","@id":"https:\/\/dise.eus\/es\/#website","url":"https:\/\/dise.eus\/es\/","name":"Dise \u00b7 Diseinua eta ilustrazioa","description":"Estudio de dise\u00f1o e ilustraci\u00f3n de Durango. Im\u00e1genes de identidad, trabajos editoriales e ilustraci\u00f3n.\n","publisher":{"@id":"https:\/\/dise.eus\/es\/#organization"},"alternateName":"Dise","potentialAction":[{"@type":"SearchAction","target":{"@type":"EntryPoint","urlTemplate":"https:\/\/dise.eus\/es\/?s={search_term_string}"},"query-input":"required name=search_term_string"}],"inLanguage":"es"},{"@type":"Organization","@id":"https:\/\/dise.eus\/es\/#organization","name":"Dise \u00b7 Dise\u00f1o gr\u00e1fico y ilustraci\u00f3n","alternateName":"Dise","url":"https:\/\/dise.eus\/es\/","logo":{"@type":"ImageObject","inLanguage":"es","@id":"https:\/\/dise.eus\/es\/#\/schema\/logo\/image\/","url":"https:\/\/dise.eus\/bitartekoak\/osagarriak\/mediak\/2024\/04\/Dise-icon-1.png","contentUrl":"https:\/\/dise.eus\/bitartekoak\/osagarriak\/mediak\/2024\/04\/Dise-icon-1.png","width":512,"height":340,"caption":"Dise \u00b7 Dise\u00f1o gr\u00e1fico y ilustraci\u00f3n"},"image":{"@id":"https:\/\/dise.eus\/es\/#\/schema\/logo\/image\/"}}]}},"_links":{"self":[{"href":"https:\/\/dise.eus\/es\/wp-json\/wp\/v2\/pages\/380","targetHints":{"allow":["GET"]}}],"collection":[{"href":"https:\/\/dise.eus\/es\/wp-json\/wp\/v2\/pages"}],"about":[{"href":"https:\/\/dise.eus\/es\/wp-json\/wp\/v2\/types\/page"}],"author":[{"embeddable":true,"href":"https:\/\/dise.eus\/es\/wp-json\/wp\/v2\/users\/1"}],"replies":[{"embeddable":true,"href":"https:\/\/dise.eus\/es\/wp-json\/wp\/v2\/comments?post=380"}],"version-history":[{"count":1,"href":"https:\/\/dise.eus\/es\/wp-json\/wp\/v2\/pages\/380\/revisions"}],"predecessor-version":[{"id":398,"href":"https:\/\/dise.eus\/es\/wp-json\/wp\/v2\/pages\/380\/revisions\/398"}],"wp:attachment":[{"href":"https:\/\/dise.eus\/es\/wp-json\/wp\/v2\/media?parent=380"}],"curies":[{"name":"wp","href":"https:\/\/api.w.org\/{rel}","templated":true}]}}