{"id":210,"date":"2024-03-30T02:03:14","date_gmt":"2024-03-30T01:03:14","guid":{"rendered":"https:\/\/dise.eus\/principal\/"},"modified":"2024-04-12T22:05:32","modified_gmt":"2024-04-12T21:05:32","slug":"diseno-grafico","status":"publish","type":"page","link":"https:\/\/dise.eus\/es\/","title":{"rendered":"Principal"},"content":{"rendered":"<p>[et_pb_section fb_built=\u00bb1&#8243; admin_label=\u00bbSlider &#8211; Section\u00bb _builder_version=\u00bb4.24.2&#8243; _module_preset=\u00bbdefault\u00bb custom_padding=\u00bb0px||0px|||\u00bb global_colors_info=\u00bb{}\u00bb][et_pb_row admin_label=\u00bbSlider &#8211; Row\u00bb _builder_version=\u00bb4.24.2&#8243; _module_preset=\u00bbdefault\u00bb width=\u00bb100%\u00bb max_width=\u00bb100%\u00bb custom_margin=\u00bb0px|0px|0px|0px|false|false\u00bb custom_padding=\u00bb0px|0px|0px|0px|false|false\u00bb mix_blend_mode=\u00bbmultiply\u00bb global_colors_info=\u00bb{}\u00bb][et_pb_column type=\u00bb4_4&#8243; _builder_version=\u00bb4.24.2&#8243; _module_preset=\u00bbdefault\u00bb global_colors_info=\u00bb{}\u00bb][et_pb_code admin_label=\u00bbSlider &#8211; Code\u00bb _builder_version=\u00bb4.24.3&#8243; _module_preset=\u00bbdefault\u00bb hover_enabled=\u00bb0&#8243; global_colors_info=\u00bb{}\u00bb sticky_enabled=\u00bb0&#8243;]    <\/p>\n<div class=\"slider-container\"><!-- [et_pb_line_break_holder] -->      <\/p>\n<div id=\"slider\" class=\"slider\"><!-- [et_pb_line_break_holder] -->        <img decoding=\"async\" src=\"\/bitartekoak\/osagarriak\/mediak\/2024\/04\/Durangaldeko-Mankomunitatea-03.jpg\" class=\"irudia-1\" alt=\"Mancomunidad de Durangaldea\"><!-- [et_pb_line_break_holder] -->        <!-- Agrega m\u00e1s im\u00e1genes seg\u00fan sea necesario --><!-- [et_pb_line_break_holder] -->      <\/div>\n<p><!-- [et_pb_line_break_holder] -->      <\/p>\n<div class=\"logo\"><!-- [et_pb_line_break_holder] -->        <img decoding=\"async\" src=\"\/bitartekoak\/irudiak\/slider\/Dise-lg.svg\" class=\"logo-1\"><!-- [et_pb_line_break_holder] -->        <\/p>\n<h1 class=\"logo-h1\">Dise\u00f1o y ilustraci\u00f3n<\/h1>\n<p><!-- [et_pb_line_break_holder] -->      <\/div>\n<p><!-- [et_pb_line_break_holder] -->      <\/p>\n<div class=\"menu-container hizkuntzak-mn-1\"><!-- [et_pb_line_break_holder] -->          <\/p>\n<ul class=\"menu\" id=\"menu\"><!-- [et_pb_line_break_holder] -->            <\/p>\n<li><a href=\"\/\">EUS<\/a><\/li>\n<p><!-- [et_pb_line_break_holder] -->            <\/p>\n<li><a href=\"\/es\/\">CAS<\/a><\/li>\n<p><!-- [et_pb_line_break_holder] -->          <\/ul>\n<p><!-- [et_pb_line_break_holder] -->      <\/div>\n<p><!-- [et_pb_line_break_holder] --><!-- [et_pb_line_break_holder] -->      <span class=\"data\">\u00daltima actualizaci\u00f3n <!\u2013- [et_pb_br_holder] -\u2013>08.04.2024<\/span><!-- [et_pb_line_break_holder] -->      <\/p>\n<div class=\"slider-nav\"><!-- [et_pb_line_break_holder] -->        <button id=\"prevButton\"><img decoding=\"async\" src=\"\/bitartekoak\/irudiak\/slider\/slider-ezk.svg\"><\/button><!-- [et_pb_line_break_holder] -->        <button id=\"nextButton\"><img decoding=\"async\" src=\"\/bitartekoak\/irudiak\/slider\/slider-esk.svg\"><\/button><!-- [et_pb_line_break_holder] -->      <\/div>\n<p><!-- [et_pb_line_break_holder] -->    <\/div>\n<p>[\/et_pb_code][\/et_pb_column][\/et_pb_row][et_pb_row admin_label=\u00bbKontaktua 1 &#8211; Row\u00bb module_id=\u00bbA01&#8243; _builder_version=\u00bb4.24.2&#8243; _module_preset=\u00bbdefault\u00bb background_color=\u00bb#fbfbfb\u00bb use_background_color_gradient=\u00bbon\u00bb background_color_gradient_direction=\u00bb90deg\u00bb background_color_gradient_stops=\u00bb#fbfbfb 0%|#ffffff 100%\u00bb background_size=\u00bbinitial\u00bb background_repeat=\u00bbrepeat\u00bb background_blend=\u00bbmultiply\u00bb width=\u00bb100%\u00bb max_width=\u00bb100%\u00bb custom_margin=\u00bb0px|0px|0px|0px|false|false\u00bb custom_padding=\u00bb0px|0px|0px|0px|false|false\u00bb mix_blend_mode=\u00bbmultiply\u00bb global_colors_info=\u00bb{}\u00bb][et_pb_column type=\u00bb4_4&#8243; _builder_version=\u00bb4.24.2&#8243; _module_preset=\u00bbdefault\u00bb global_colors_info=\u00bb{}\u00bb][et_pb_code admin_label=\u00bbKontaktua 1 &#8211; Code\u00bb _builder_version=\u00bb4.24.3&#8243; _module_preset=\u00bbdefault\u00bb global_colors_info=\u00bb{}\u00bb]  <\/p>\n<address class=\"kontaktua-container\"><!-- [et_pb_line_break_holder] -->    <span class=\"marra-1 helbidea-1\"><strong>Durango<\/strong> <!\u2013- [et_pb_br_holder] -\u2013>Komentukalea 19<\/span><!-- [et_pb_line_break_holder] -->    <\/p>\n<div class=\"emailtel-1 padding-ezk-20\"><!-- [et_pb_line_break_holder] -->      <span><a href=\"mailto:in&#102;o&#064;dise&#046;&#101;&#117;s\">&#105;nf&#111;&#064;dis&#101;&#046;e&#117;s<\/a><\/span><!-- [et_pb_line_break_holder] --> <span><a href=\"tel:+34946816814\" class=\"\">(+34) 946 816 814<\/a><\/span><!-- [et_pb_line_break_holder] -->    <\/div>\n<p><!-- [et_pb_line_break_holder] -->  <\/address>\n<p>[\/et_pb_code][\/et_pb_column][\/et_pb_row][et_pb_row admin_label=\u00bbAurkezpena Eskaintza &#8211; Row\u00bb _builder_version=\u00bb4.24.2&#8243; _module_preset=\u00bbdefault\u00bb background_color=\u00bb#fbfbfb\u00bb use_background_color_gradient=\u00bbon\u00bb background_color_gradient_direction=\u00bb90deg\u00bb background_color_gradient_stops=\u00bb#fbfbfb 50%|#ffffff 100%\u00bb background_size=\u00bbinitial\u00bb background_repeat=\u00bbrepeat\u00bb background_blend=\u00bbmultiply\u00bb width=\u00bb100%\u00bb max_width=\u00bb100%\u00bb custom_margin=\u00bb0px|0px|0px|0px|false|false\u00bb custom_padding=\u00bb0px|0px|0px|0px|false|false\u00bb mix_blend_mode=\u00bbmultiply\u00bb global_colors_info=\u00bb{}\u00bb][et_pb_column type=\u00bb4_4&#8243; _builder_version=\u00bb4.24.2&#8243; _module_preset=\u00bbdefault\u00bb global_colors_info=\u00bb{}\u00bb][et_pb_code admin_label=\u00bbAurkezpena Eskaintza &#8211; Code\u00bb _builder_version=\u00bb4.24.3&#8243; _module_preset=\u00bbdefault\u00bb custom_margin=\u00bb||0px||false|false\u00bb global_colors_info=\u00bb{}\u00bb]  <\/p>\n<div class=\"aurkezpena-eskaintza-container\"><!-- [et_pb_line_break_holder] -->    <\/p>\n<section class=\"aurkezpena-container\"><!-- [et_pb_line_break_holder] -->      <\/p>\n<h2 class=\"titulua-1\">Dise, dise\u00f1o y ilustraci\u00f3n<\/h2>\n<p><!-- [et_pb_line_break_holder] -->      <\/p>\n<div class=\"aurkezpena-testua\"><!-- [et_pb_line_break_holder] -->        <pee>\u00a1Hola! Soy Aritz. Realizo trabajos de dise\u00f1o gr\u00e1fico y ilustraci\u00f3n. Llevo 20 a\u00f1os como profesional en el mundo de la comunicaci\u00f3n, el dise\u00f1o y la producci\u00f3n. Empec\u00e9 en un taller de serigraf\u00eda, despu\u00e9s he estado 10 a\u00f1os en un estudio de comunicaci\u00f3n, y ahora he abierto en Durango el estudio Dise. Hago trabajos editoriales, im\u00e1genes de identidad e ilustraciones para cubrir las necesidades creativas de cualquier instituci\u00f3n o particular. Cu\u00e9ntame tu idea, encontraremos la mejor opci\u00f3n para tu proyecto.<\/pee><!-- [et_pb_line_break_holder] -->        <pee>Forma, color, textura, figurativa o abstracta, sobria o ornamental, realista o aleg\u00f3rica. Es importante decidir qu\u00e9 recursos gr\u00e1ficos hay que utilizar, pero tambi\u00e9n c\u00f3mo se toma la decisi\u00f3n. Para utilizar eficazmente los recursos gr\u00e1ficos, considero que es imprescindible entender tus necesidades, ya que es una tarea b\u00e1sica para comunicar mensajes claros y cre\u00edbles. Porque el objetivo principal es expresar de forma firme y eficaz la naturaleza del proyecto y los objetivos de comunicaci\u00f3n.<\/pee><!-- [et_pb_line_break_holder] -->        <pee>Cada proyecto requiere un estilo espec\u00edfico y recursos gr\u00e1ficos propios; puede ser necesario dar un enfoque contempor\u00e1neo o viceversa un enfoque cl\u00e1sico. Dependiendo de la naturaleza del proyecto ser\u00e1 necesario utilizar t\u00e9cnicas tradicionales o las tecnolog\u00edas m\u00e1s modernas. No tengo un estilo art\u00edstico \u00fanico y definido, me gusta experimentar, con el compromiso de adaptarme a las necesidades concretas de cada cliente. Si quieres saber m\u00e1s o crees que tu proyecto necesita un nuevo impulso, ponte en contacto, me encontrar\u00e1s dispuesto a ayudarte.<\/pee><!-- [et_pb_line_break_holder] -->      <\/div>\n<p><!-- [et_pb_line_break_holder] -->    <\/section>\n<p><!-- [et_pb_line_break_holder] -->    <\/p>\n<section class=\"eskaintza-container\"><!-- [et_pb_line_break_holder] -->      <\/p>\n<h2 class=\"titulua-1\">Servicios<\/h2>\n<p><!-- [et_pb_line_break_holder] -->      <\/p>\n<div class=\"zutabeak-container\"><!-- [et_pb_line_break_holder] -->          <\/p>\n<div class=\"zutabea zutabea_a\"><!-- [et_pb_line_break_holder] -->            <\/p>\n<h2>Producci\u00f3n<\/h2>\n<p><!-- [et_pb_line_break_holder] -->            <pee>Gesti\u00f3n de todos los servicios que necesitas: Proveedores y otros servicios.<\/pee><!-- [et_pb_line_break_holder] -->            <\/p>\n<h2>Imprenta<\/h2>\n<p><!-- [et_pb_line_break_holder] -->            <pee>Rapidez, calidad y los precios m\u00e1s competitivos. Imprentas especializadas seg\u00fan las necesidades.<\/pee><!-- [et_pb_line_break_holder] -->            <\/p>\n<h2>Marca<\/h2>\n<p><!-- [et_pb_line_break_holder] -->            <pee>Trabajos de creaci\u00f3n y desarrollo gr\u00e1fico de la marca de una organizaci\u00f3n, empresa o producto.<\/pee><!-- [et_pb_line_break_holder] -->            <\/p>\n<h2>Marca para eventos<\/h2>\n<p><!-- [et_pb_line_break_holder] -->            <pee>Marcas y campa\u00f1as publicitarias para eventos con tiempo y uso limitado.<\/pee><!-- [et_pb_line_break_holder] -->          <\/div>\n<p><!-- [et_pb_line_break_holder] -->          <\/p>\n<div class=\"zutabea zutabea_b\"><!-- [et_pb_line_break_holder] -->            <\/p>\n<h2>Ilustraci\u00f3n<\/h2>\n<p><!-- [et_pb_line_break_holder] -->            <pee>Ilustraciones para obras literarias. Dibujos o pinturas para libros, novelas y cuentos.<\/pee><!-- [et_pb_line_break_holder] -->            <\/p>\n<h2>Editorial<\/h2>\n<p><!-- [et_pb_line_break_holder] -->            <pee>Portadas de libros, ilustraciones, maquetaci\u00f3n de revistas y libros, agendas, calendarios y carteles.<\/pee><!-- [et_pb_line_break_holder] -->            <\/p>\n<h2>Cat\u00e1logos<\/h2>\n<p><!-- [et_pb_line_break_holder] -->            <pee>Folletos publicitarios para eventos o programas, y dise\u00f1os de cat\u00e1logos de productos.<\/pee><!-- [et_pb_line_break_holder] -->            <\/p>\n<h2>Exposiciones<\/h2>\n<p><!-- [et_pb_line_break_holder] -->            <pee>Trabajos gr\u00e1ficos para instalaciones expositivas: stands, escaparates, escenarios, etc.<\/pee><!-- [et_pb_line_break_holder] -->          <\/div>\n<p><!-- [et_pb_line_break_holder] -->        <\/div>\n<p><!-- [et_pb_line_break_holder] -->    <\/section>\n<p><!-- [et_pb_line_break_holder] -->  <\/div>\n<p><!-- [et_pb_line_break_holder] -->[\/et_pb_code][et_pb_signup mailchimp_list=\u00bbf5b97107be\u00bb name_field=\u00bbon\u00bb success_message=\u00bb\u00a1Muchas gracias!\u00bb title=\u00bbNewsletter\u00bb button_text=\u00bbSuscr\u00edbete\u00bb description=\u00bb<\/p>\n<p>Si quieres recibir noticias sobre dise\u00f1o, ilustraci\u00f3n y comunicaci\u00f3n, rellena el formulario de al lado. Recibir\u00e1s promociones, informaci\u00f3n sobre los trabajos realizados en Dise y noticias espor\u00e1dicas sobre diferentes \u00e1mbitos art\u00edsticos.<\/p>\n<p>\u00bb admin_label=\u00bbHarpidetu &#8211; Email Optin\u00bb module_class=\u00bbharpidetu-module\u00bb _builder_version=\u00bb4.24.3&#8243; _module_preset=\u00bbdefault\u00bb header_font=\u00bb|700|||||||\u00bb header_text_color=\u00bb#666666&#8243; header_font_size=\u00bb20px\u00bb header_line_height=\u00bb4em\u00bb body_text_color=\u00bb#666666&#8243; use_background_color=\u00bboff\u00bb custom_button=\u00bbon\u00bb button_border_width=\u00bb1px\u00bb button_border_color=\u00bb#666666&#8243; custom_padding=\u00bb90px||90px||false|false\u00bb button_border_width_tablet=\u00bb1px\u00bb button_border_width_phone=\u00bb1px\u00bb button_border_width_last_edited=\u00bbon|desktop\u00bb button_border_color_last_edited=\u00bboff|desktop\u00bb custom_css_free_form=\u00bb.harpidetu-module h2 { padding-bottom: 0; }\u00bb border_width_top=\u00bb1px\u00bb border_color_top=\u00bb#C5C5C5&#8243; border_width_bottom=\u00bb1px\u00bb border_color_bottom=\u00bb#C5C5C5&#8243; border_width_all_fields=\u00bb1px\u00bb border_color_all_fields=\u00bb#C5C5C5&#8243; locked=\u00bboff\u00bb global_colors_info=\u00bb{}\u00bb button_border_color__hover_enabled=\u00bbon|desktop\u00bb button_border_width__hover_enabled=\u00bbon|hover\u00bb button_border_width__hover=\u00bb1px\u00bb button_border_color__hover=\u00bb#666666&#8243;][\/et_pb_signup][\/et_pb_column][\/et_pb_row][et_pb_row admin_label=\u00bbHarpidetu &#8211; Row\u00bb _builder_version=\u00bb4.24.2&#8243; _module_preset=\u00bbdefault\u00bb background_color=\u00bb#fbfbfb\u00bb use_background_color_gradient=\u00bbon\u00bb background_color_gradient_direction=\u00bb90deg\u00bb background_color_gradient_stops=\u00bb#fbfbfb 50%|#ffffff 100%\u00bb background_size=\u00bbinitial\u00bb background_repeat=\u00bbrepeat\u00bb background_blend=\u00bbmultiply\u00bb width=\u00bb100%\u00bb max_width=\u00bb100%\u00bb custom_margin=\u00bb0px|0px|0px|0px|false|false\u00bb custom_padding=\u00bb0px|0px|0px|0px|false|false\u00bb mix_blend_mode=\u00bbmultiply\u00bb global_colors_info=\u00bb{}\u00bb][et_pb_column type=\u00bb4_4&#8243; _builder_version=\u00bb4.24.2&#8243; _module_preset=\u00bbdefault\u00bb global_colors_info=\u00bb{}\u00bb][\/et_pb_column][\/et_pb_row][\/et_pb_section]<\/p>\n","protected":false},"excerpt":{"rendered":"<p>Durango Komentukalea 19 <a href=\"mailto:i&#110;&#102;o&#064;dis&#101;.&#101;&#117;&#115;\">info&#064;d&#105;s&#101;&#046;&#101;us<\/a> (+34) 946 816 814<\/p>\n","protected":false},"author":1,"featured_media":0,"parent":0,"menu_order":0,"comment_status":"closed","ping_status":"closed","template":"","meta":{"_et_pb_use_builder":"on","_et_pb_old_content":"","_et_gb_content_width":"","footnotes":""},"class_list":["post-210","page","type-page","status-publish","hentry"],"yoast_head":"<!-- This site is optimized with the Yoast SEO plugin v22.5 - https:\/\/yoast.com\/wordpress\/plugins\/seo\/ -->\n<title>Dise \u00b7 Dise\u00f1o y ilustraci\u00f3n (Durango)<\/title>\n<meta name=\"description\" content=\"Dise\u00f1o gr\u00e1fico y ilustraci\u00f3n. Trabajos editoriales, im\u00e1genes de identidad e ilustraciones. Gesti\u00f3n de todos los servicios necesarios.\" \/>\n<meta name=\"robots\" content=\"index, follow, max-snippet:-1, max-image-preview:large, max-video-preview:-1\" \/>\n<link rel=\"canonical\" href=\"https:\/\/dise.eus\/es\/\" \/>\n<meta property=\"og:locale\" content=\"es_ES\" \/>\n<meta property=\"og:type\" content=\"article\" \/>\n<meta property=\"og:title\" content=\"Dise \u00b7 Dise\u00f1o y ilustraci\u00f3n (Durango)\" \/>\n<meta property=\"og:description\" content=\"Dise\u00f1o gr\u00e1fico y ilustraci\u00f3n. Trabajos editoriales, im\u00e1genes de identidad e ilustraciones. Gesti\u00f3n de todos los servicios necesarios.\" \/>\n<meta property=\"og:url\" content=\"https:\/\/dise.eus\/es\/\" \/>\n<meta property=\"og:site_name\" content=\"Dise \u00b7 Dise\u00f1o gr\u00e1fico y ilustraci\u00f3n\" \/>\n<meta property=\"article:modified_time\" content=\"2024-04-12T21:05:32+00:00\" \/>\n<meta property=\"og:image\" content=\"https:\/\/dise.eus\/bitartekoak\/osagarriak\/mediak\/2024\/04\/Dise-1.jpg\" \/>\n\t<meta property=\"og:image:width\" content=\"1200\" \/>\n\t<meta property=\"og:image:height\" content=\"675\" \/>\n\t<meta property=\"og:image:type\" content=\"image\/jpeg\" \/>\n<meta name=\"twitter:card\" content=\"summary_large_image\" \/>\n<meta name=\"twitter:label1\" content=\"Tiempo de lectura\" \/>\n\t<meta name=\"twitter:data1\" content=\"3 minutos\" \/>\n<script type=\"application\/ld+json\" class=\"yoast-schema-graph\">{\"@context\":\"https:\/\/schema.org\",\"@graph\":[{\"@type\":\"WebPage\",\"@id\":\"https:\/\/dise.eus\/es\/\",\"url\":\"https:\/\/dise.eus\/es\/\",\"name\":\"Dise \u00b7 Dise\u00f1o y ilustraci\u00f3n (Durango)\",\"isPartOf\":{\"@id\":\"https:\/\/dise.eus\/es\/#website\"},\"datePublished\":\"2024-03-30T01:03:14+00:00\",\"dateModified\":\"2024-04-12T21:05:32+00:00\",\"description\":\"Dise\u00f1o gr\u00e1fico y ilustraci\u00f3n. Trabajos editoriales, im\u00e1genes de identidad e ilustraciones. Gesti\u00f3n de todos los servicios necesarios.\",\"breadcrumb\":{\"@id\":\"https:\/\/dise.eus\/es\/#breadcrumb\"},\"inLanguage\":\"es\",\"potentialAction\":[{\"@type\":\"ReadAction\",\"target\":[\"https:\/\/dise.eus\/es\/\"]}]},{\"@type\":\"BreadcrumbList\",\"@id\":\"https:\/\/dise.eus\/es\/#breadcrumb\",\"itemListElement\":[{\"@type\":\"ListItem\",\"position\":1,\"name\":\"Home\",\"item\":\"https:\/\/dise.eus\/es\/\"},{\"@type\":\"ListItem\",\"position\":2,\"name\":\"Principal\"}]},{\"@type\":\"WebSite\",\"@id\":\"https:\/\/dise.eus\/es\/#website\",\"url\":\"https:\/\/dise.eus\/es\/\",\"name\":\"Dise \u00b7 Diseinua eta ilustrazioa\",\"description\":\"Estudio de dise\u00f1o e ilustraci\u00f3n de Durango. Im\u00e1genes de identidad, trabajos editoriales e ilustraci\u00f3n.\\n\",\"publisher\":{\"@id\":\"https:\/\/dise.eus\/es\/#organization\"},\"alternateName\":\"Dise\",\"potentialAction\":[{\"@type\":\"SearchAction\",\"target\":{\"@type\":\"EntryPoint\",\"urlTemplate\":\"https:\/\/dise.eus\/es\/?s={search_term_string}\"},\"query-input\":\"required name=search_term_string\"}],\"inLanguage\":\"es\"},{\"@type\":\"Organization\",\"@id\":\"https:\/\/dise.eus\/es\/#organization\",\"name\":\"Dise \u00b7 Dise\u00f1o gr\u00e1fico y ilustraci\u00f3n\",\"alternateName\":\"Dise\",\"url\":\"https:\/\/dise.eus\/es\/\",\"logo\":{\"@type\":\"ImageObject\",\"inLanguage\":\"es\",\"@id\":\"https:\/\/dise.eus\/es\/#\/schema\/logo\/image\/\",\"url\":\"https:\/\/dise.eus\/bitartekoak\/osagarriak\/mediak\/2024\/04\/Dise-icon-1.png\",\"contentUrl\":\"https:\/\/dise.eus\/bitartekoak\/osagarriak\/mediak\/2024\/04\/Dise-icon-1.png\",\"width\":512,\"height\":340,\"caption\":\"Dise \u00b7 Dise\u00f1o gr\u00e1fico y ilustraci\u00f3n\"},\"image\":{\"@id\":\"https:\/\/dise.eus\/es\/#\/schema\/logo\/image\/\"}}]}<\/script>\n<!-- \/ Yoast SEO plugin. -->","yoast_head_json":{"title":"Dise \u00b7 Dise\u00f1o y ilustraci\u00f3n (Durango)","description":"Dise\u00f1o gr\u00e1fico y ilustraci\u00f3n. Trabajos editoriales, im\u00e1genes de identidad e ilustraciones. Gesti\u00f3n de todos los servicios necesarios.","robots":{"index":"index","follow":"follow","max-snippet":"max-snippet:-1","max-image-preview":"max-image-preview:large","max-video-preview":"max-video-preview:-1"},"canonical":"https:\/\/dise.eus\/es\/","og_locale":"es_ES","og_type":"article","og_title":"Dise \u00b7 Dise\u00f1o y ilustraci\u00f3n (Durango)","og_description":"Dise\u00f1o gr\u00e1fico y ilustraci\u00f3n. Trabajos editoriales, im\u00e1genes de identidad e ilustraciones. Gesti\u00f3n de todos los servicios necesarios.","og_url":"https:\/\/dise.eus\/es\/","og_site_name":"Dise \u00b7 Dise\u00f1o gr\u00e1fico y ilustraci\u00f3n","article_modified_time":"2024-04-12T21:05:32+00:00","og_image":[{"width":1200,"height":675,"url":"https:\/\/dise.eus\/bitartekoak\/osagarriak\/mediak\/2024\/04\/Dise-1.jpg","type":"image\/jpeg"}],"twitter_card":"summary_large_image","twitter_misc":{"Tiempo de lectura":"3 minutos"},"schema":{"@context":"https:\/\/schema.org","@graph":[{"@type":"WebPage","@id":"https:\/\/dise.eus\/es\/","url":"https:\/\/dise.eus\/es\/","name":"Dise \u00b7 Dise\u00f1o y ilustraci\u00f3n (Durango)","isPartOf":{"@id":"https:\/\/dise.eus\/es\/#website"},"datePublished":"2024-03-30T01:03:14+00:00","dateModified":"2024-04-12T21:05:32+00:00","description":"Dise\u00f1o gr\u00e1fico y ilustraci\u00f3n. Trabajos editoriales, im\u00e1genes de identidad e ilustraciones. Gesti\u00f3n de todos los servicios necesarios.","breadcrumb":{"@id":"https:\/\/dise.eus\/es\/#breadcrumb"},"inLanguage":"es","potentialAction":[{"@type":"ReadAction","target":["https:\/\/dise.eus\/es\/"]}]},{"@type":"BreadcrumbList","@id":"https:\/\/dise.eus\/es\/#breadcrumb","itemListElement":[{"@type":"ListItem","position":1,"name":"Home","item":"https:\/\/dise.eus\/es\/"},{"@type":"ListItem","position":2,"name":"Principal"}]},{"@type":"WebSite","@id":"https:\/\/dise.eus\/es\/#website","url":"https:\/\/dise.eus\/es\/","name":"Dise \u00b7 Diseinua eta ilustrazioa","description":"Estudio de dise\u00f1o e ilustraci\u00f3n de Durango. Im\u00e1genes de identidad, trabajos editoriales e ilustraci\u00f3n.\n","publisher":{"@id":"https:\/\/dise.eus\/es\/#organization"},"alternateName":"Dise","potentialAction":[{"@type":"SearchAction","target":{"@type":"EntryPoint","urlTemplate":"https:\/\/dise.eus\/es\/?s={search_term_string}"},"query-input":"required name=search_term_string"}],"inLanguage":"es"},{"@type":"Organization","@id":"https:\/\/dise.eus\/es\/#organization","name":"Dise \u00b7 Dise\u00f1o gr\u00e1fico y ilustraci\u00f3n","alternateName":"Dise","url":"https:\/\/dise.eus\/es\/","logo":{"@type":"ImageObject","inLanguage":"es","@id":"https:\/\/dise.eus\/es\/#\/schema\/logo\/image\/","url":"https:\/\/dise.eus\/bitartekoak\/osagarriak\/mediak\/2024\/04\/Dise-icon-1.png","contentUrl":"https:\/\/dise.eus\/bitartekoak\/osagarriak\/mediak\/2024\/04\/Dise-icon-1.png","width":512,"height":340,"caption":"Dise \u00b7 Dise\u00f1o gr\u00e1fico y ilustraci\u00f3n"},"image":{"@id":"https:\/\/dise.eus\/es\/#\/schema\/logo\/image\/"}}]}},"_links":{"self":[{"href":"https:\/\/dise.eus\/es\/wp-json\/wp\/v2\/pages\/210","targetHints":{"allow":["GET"]}}],"collection":[{"href":"https:\/\/dise.eus\/es\/wp-json\/wp\/v2\/pages"}],"about":[{"href":"https:\/\/dise.eus\/es\/wp-json\/wp\/v2\/types\/page"}],"author":[{"embeddable":true,"href":"https:\/\/dise.eus\/es\/wp-json\/wp\/v2\/users\/1"}],"replies":[{"embeddable":true,"href":"https:\/\/dise.eus\/es\/wp-json\/wp\/v2\/comments?post=210"}],"version-history":[{"count":1,"href":"https:\/\/dise.eus\/es\/wp-json\/wp\/v2\/pages\/210\/revisions"}],"predecessor-version":[{"id":621,"href":"https:\/\/dise.eus\/es\/wp-json\/wp\/v2\/pages\/210\/revisions\/621"}],"wp:attachment":[{"href":"https:\/\/dise.eus\/es\/wp-json\/wp\/v2\/media?parent=210"}],"curies":[{"name":"wp","href":"https:\/\/api.w.org\/{rel}","templated":true}]}}